{"id":8724,"date":"2023-10-21T10:59:44","date_gmt":"2023-10-21T10:59:44","guid":{"rendered":"https:\/\/rezeptfrei-apotheke.net\/?post_type=product&#038;p=8724"},"modified":"2025-09-17T03:38:34","modified_gmt":"2025-09-17T03:38:34","slug":"5-cl-dmt-fumarate","status":"publish","type":"product","link":"https:\/\/rezeptfrei-apotheke.net\/pt\/product\/5-cl-dmt-fumarate\/","title":{"rendered":"5-CL-DMT"},"content":{"rendered":"<h2><strong>COMPRAR 5-MEO-DMT<\/strong><\/h2>\n<p>5-MeO-DMT, tamb\u00e9m conhecido como 5-Metoxi-N, N-dimetiltriptamina \u00e9 um psicod\u00e9lico natural da classe das triptaminas, 5-MeO-DMT apresenta semelhan\u00e7as estruturais com N, N-Dimetiltriptamina (DMT), no entanto, estudos mostraram caracter\u00edsticas qu\u00edmicas que podem assemelhar-se a uma pot\u00eancia mais elevada do que o composto mais conhecido. Est\u00e1 distribu\u00eddo em uma ampla variedade de esp\u00e9cies de plantas e no veneno de alguns pat\u00f3genos psicoativos, como Bufo Alvaris.<\/p>\n<p>O 5-MeO-DMT pode ser encontrado no veneno branco leitoso do sapo do Rio Colorado. Os xam\u00e3s sul-americanos usam veneno de sapo h\u00e1 milhares de anos. Hoje, tanto os extratos do veneno de sapo quanto a forma de p\u00f3 sint\u00e9tico s\u00e3o estudados. Sua s\u00edntese e resultados foram documentados pela primeira vez no livro TiHKAL (\u201cTriptaminas que Conheci e Amei\u201d) de Alexander Shulgin, de 1997. Estudos recentes mostraram que ele pode fornecer resultados m\u00edsticos durante a pesquisa e sua popularidade cresceu nos \u00faltimos anos.<\/p>\n<p>&nbsp;<\/p>\n<h2><strong>COMO USAR 5-MEO-DMT?<\/strong><\/h2>\n<p>Na Realchems voc\u00ea pode comprar 5-MeO-DMT na forma de base livre e cloridrato da mais alta qualidade. Temos 5-MeO-DMT dispon\u00edvel em quantidades de 5gr, 10gr e a granel. Certifique-se de armazenar o 5-MeO-DMT em local seco e fresco para m\u00e1xima durabilidade. Ao manusear produtos qu\u00edmicos de pesquisa, certifique-se de sempre tomar as devidas precau\u00e7\u00f5es no laborat\u00f3rio, como limpar superf\u00edcies e usar luvas, m\u00e1scara e roupas de prote\u00e7\u00e3o. Aconselhamos cautela extra com o 5-MeO-DMT devido \u00e0 sua alta pot\u00eancia.<\/p>\n<p>&nbsp;<\/p>\n<h2><strong>DEFINI\u00c7\u00c3O 5-MEO-DMT<\/strong><\/h2>\n<p>A defini\u00e7\u00e3o de 5-MeO-DMT \u00e9 oficialmente conhecida como 5-Metoxi-N, N-dimetiltriptamina. 5-MeO-DMT \u00e9 um psicod\u00e9lico natural, mas muito potente, da classe das triptaminas. \u00c9 at\u00e9 considerado o psicod\u00e9lico mais potente da hist\u00f3ria da pesquisa qu\u00edmica.<\/p>\n<p>&nbsp;<\/p>\n<h2><strong>INFORMA\u00c7\u00d5ES B\u00c1SICAS DE QU\u00cdMICA 5-MEO-DMT<\/strong><\/h2>\n<p>A pesquisa indica que o 5-MeO-DMT produz seus resultados ligando-se aos receptores de serotonina, embora o mecanismo exato seja desconhecido. 5-metoxi-N,N-dimetiltriptamina \u00e9 um alcal\u00f3ide indol substitu\u00eddo com triptamina. e partilha um n\u00facleo de um heterociclo indol bic\u00edclico ligado em R3 a um grupo amina terminal atrav\u00e9s de uma cadeia lateral etil. Sup\u00f5e-se que o 5-MeO-DMT seja muito potente. A pesquisa indica que esta subst\u00e2ncia provavelmente produzir\u00e1 resultados grandes e dram\u00e1ticos naquele laborat\u00f3rio. Portanto, \u00e9 altamente aconselh\u00e1vel utilizar pr\u00e1ticas de redu\u00e7\u00e3o de danos ao realizar pesquisas sobre esta subst\u00e2ncia.<\/p>\n<p>&nbsp;<\/p>\n<h2><strong>ONDE COMPRAR 5-MEO-DMT<\/strong><\/h2>\n<p>O 5-MeO-DMT pode ser adquirido aqui no <a href=\"https:\/\/rezeptfrei-apotheke.net\/pt\/\">Rchemshop<\/a> local na rede Internet. Vendemos 5-MeO-DMT de qualidade premium, normalmente em p\u00f3. No entanto, muitas vezes temos outras formas de subst\u00e2ncia dispon\u00edveis, por isso n\u00e3o hesite em contactar-nos para saber se temos a sua forma de subst\u00e2ncia preferida em stock. Voc\u00ea deve ter pelo menos 18 anos para comprar 5-MeO-DMT conosco.<\/p>","protected":false},"excerpt":{"rendered":"<p><strong>Nome IUPAC: <\/strong>2-(5-cloro-1H-indol-3-il)-N,N-dimetiletan-1-amina Sin\u00f4nimos: 5-CL-N,N-dimetiltriptamina<\/p>\n<p><strong>Forma: <\/strong>p\u00f3<\/p>\n<p><strong>An\u00e1lise de RMN: <\/strong>C12H15ClN2<\/p>","protected":false},"featured_media":8771,"comment_status":"open","ping_status":"closed","template":"","meta":[],"product_brand":[],"product_cat":[96],"product_tag":[],"class_list":{"0":"post-8724","1":"product","2":"type-product","3":"status-publish","4":"has-post-thumbnail","6":"product_cat-buy-tryptamines-online","8":"first","9":"instock","10":"shipping-taxable","11":"purchasable","12":"product-type-variable"},"jetpack_sharing_enabled":true,"_links":{"self":[{"href":"https:\/\/rezeptfrei-apotheke.net\/pt\/wp-json\/wp\/v2\/product\/8724","targetHints":{"allow":["GET"]}}],"collection":[{"href":"https:\/\/rezeptfrei-apotheke.net\/pt\/wp-json\/wp\/v2\/product"}],"about":[{"href":"https:\/\/rezeptfrei-apotheke.net\/pt\/wp-json\/wp\/v2\/types\/product"}],"replies":[{"embeddable":true,"href":"https:\/\/rezeptfrei-apotheke.net\/pt\/wp-json\/wp\/v2\/comments?post=8724"}],"wp:featuredmedia":[{"embeddable":true,"href":"https:\/\/rezeptfrei-apotheke.net\/pt\/wp-json\/wp\/v2\/media\/8771"}],"wp:attachment":[{"href":"https:\/\/rezeptfrei-apotheke.net\/pt\/wp-json\/wp\/v2\/media?parent=8724"}],"wp:term":[{"taxonomy":"product_brand","embeddable":true,"href":"https:\/\/rezeptfrei-apotheke.net\/pt\/wp-json\/wp\/v2\/product_brand?post=8724"},{"taxonomy":"product_cat","embeddable":true,"href":"https:\/\/rezeptfrei-apotheke.net\/pt\/wp-json\/wp\/v2\/product_cat?post=8724"},{"taxonomy":"product_tag","embeddable":true,"href":"https:\/\/rezeptfrei-apotheke.net\/pt\/wp-json\/wp\/v2\/product_tag?post=8724"}],"curies":[{"name":"wp","href":"https:\/\/api.w.org\/{rel}","templated":true}]}}