{"id":8725,"date":"2023-10-21T10:59:44","date_gmt":"2023-10-21T10:59:44","guid":{"rendered":"https:\/\/rezeptfrei-apotheke.net\/?post_type=product&#038;p=8725"},"modified":"2023-10-30T20:46:24","modified_gmt":"2023-10-30T20:46:24","slug":"amt-succinate","status":"publish","type":"product","link":"https:\/\/rezeptfrei-apotheke.net\/pt\/product\/amt-succinate\/","title":{"rendered":"Succinato AMT"},"content":{"rendered":"<h2><strong>O que \u00e9 succinato aMT?<\/strong><\/h2>\n<p>Compre aMT Succinato, que \u00e9 um composto \u00e0 base de triptamina. Tamb\u00e9m \u00e9 conhecido como succinato de alfa-metiltriptamina, composto de \u00e1cido succ\u00ednico com 3- (2-aminopropil) indol, succinato de -metiltriptamina, succinato alfaMT, succinato MT, composto de \u00e1cido butanodi\u00f3ico com -metil-1H-indol-3-etanamina e \u00e1cido butanodi\u00f3ico composto com -metil-1H-in (1:1).<\/p>\n<p>&nbsp;<\/p>\n<p>1-(1H-indol-3-il)propano-2-amina, frequentemente conhecida como aMT ou -Metiltriptamina, \u00e9 uma mol\u00e9cula de alcal\u00f3ide indol sint\u00e9tico da classe das triptaminas. As triptaminas s\u00e3o um metab\u00f3lito de indolamina do triptofano, um importante amino\u00e1cido. Certos neuromoduladores amin\u00e9rgicos compartilham a estrutura da triptamina.<\/p>\n<p>&nbsp;<\/p>\n<p>aMT O carbono alfa da succinato triptamina \u00e9 substitu\u00eddo por um grupo metil. Tem uma rela\u00e7\u00e3o qu\u00edmica com a triptamina semelhante \u00e0 rela\u00e7\u00e3o da anfetamina com a fenetilamina. O neurotransmissor serotonina est\u00e1 fortemente relacionado ao aMT (5-hidroxitriptamina). aMT \u00e9 descoberto como um racemato de seus enanti\u00f4meros (R-) e (S-) na forma de base livre.<\/p>\n<p>&nbsp;<\/p>\n<p>Upjohn produziu originalmente aMT Succinate na d\u00e9cada de 1960. A condensa\u00e7\u00e3o nitroaldol de indol-3-carboxalde\u00eddo e nitroetano sob cat\u00e1lise de acetato de am\u00f4nio, bem como a condensa\u00e7\u00e3o de indol-3-acetona e hidroxilamina, seguida pela redu\u00e7\u00e3o da cetoxima resultante com hidreto de alum\u00ednio e l\u00edtio, pode ser usada para fazer aMT. aMT funciona como um inibidor de recapta\u00e7\u00e3o equilibrado, bem como um agente de libera\u00e7\u00e3o para tr\u00eas monoaminas diferentes.<\/p>\n<p>&nbsp;<\/p>\n<h2><strong>Isen\u00e7\u00e3o de responsabilidade<\/strong><\/h2>\n<p>Humanos e animais n\u00e3o devem receber este produto. Est\u00e1 dispon\u00edvel exclusivamente para uso em laborat\u00f3rio. Recomendamos tamb\u00e9m que o produto seja manuseado com equipamentos de prote\u00e7\u00e3o individual para evitar qualquer perigo que possa advir do manuseio do produto qu\u00edmico.<\/p>\n<p>&nbsp;<\/p>\n<h2><strong>O succinato aMT \u00e9 legal?<\/strong><\/h2>\n<p>Antes de comprar Succinato aMT, recomendamos que voc\u00ea verifique a legalidade deste produto qu\u00edmico com as autoridades competentes em sua \u00e1rea ou local de envio.<\/p>\n<p>&nbsp;<\/p>\n<p>Para garantir a seguran\u00e7a do cliente, tomamos as medidas adequadas, implementando salvaguardas rigorosas na venda destes produtos. N\u00e3o seremos responsabilizados por quaisquer quest\u00f5es legais que possam surgir como resultado da compra de aMT Succinato em seu pa\u00eds.<\/p>\n<p>&nbsp;<\/p>\n<h2><strong>Onde comprar succinato aMT?<\/strong><\/h2>\n<p>Chemical Planet \u00e9 um fornecedor e distribuidor l\u00edder de succinato aMT e produtos qu\u00edmicos relacionados. O aMT Succinato \u00e9 fornecido exclusivamente para fins de pesquisa laboratorial e est\u00e1 dispon\u00edvel em p\u00f3. Esta subst\u00e2ncia est\u00e1 dispon\u00edvel apenas para adultos com 18 anos ou mais e n\u00e3o deve ser usada em humanos ou animais.<\/p>","protected":false},"excerpt":{"rendered":"<p><strong>Nome IUPAC:<\/strong><\/p>\n<p><strong>CAS # <\/strong>299-26-3<\/p>\n<p><strong>Outro nome: <\/strong>alfa-metiltriptamina<\/p>\n<p><strong>An\u00e1lise de RMN: <\/strong>C11H14N2<\/p>","protected":false},"featured_media":8772,"comment_status":"open","ping_status":"closed","template":"","meta":[],"product_brand":[],"product_cat":[96],"product_tag":[],"class_list":{"0":"post-8725","1":"product","2":"type-product","3":"status-publish","4":"has-post-thumbnail","6":"product_cat-buy-tryptamines-online","8":"first","9":"instock","10":"shipping-taxable","11":"purchasable","12":"product-type-variable"},"jetpack_sharing_enabled":true,"_links":{"self":[{"href":"https:\/\/rezeptfrei-apotheke.net\/pt\/wp-json\/wp\/v2\/product\/8725","targetHints":{"allow":["GET"]}}],"collection":[{"href":"https:\/\/rezeptfrei-apotheke.net\/pt\/wp-json\/wp\/v2\/product"}],"about":[{"href":"https:\/\/rezeptfrei-apotheke.net\/pt\/wp-json\/wp\/v2\/types\/product"}],"replies":[{"embeddable":true,"href":"https:\/\/rezeptfrei-apotheke.net\/pt\/wp-json\/wp\/v2\/comments?post=8725"}],"wp:featuredmedia":[{"embeddable":true,"href":"https:\/\/rezeptfrei-apotheke.net\/pt\/wp-json\/wp\/v2\/media\/8772"}],"wp:attachment":[{"href":"https:\/\/rezeptfrei-apotheke.net\/pt\/wp-json\/wp\/v2\/media?parent=8725"}],"wp:term":[{"taxonomy":"product_brand","embeddable":true,"href":"https:\/\/rezeptfrei-apotheke.net\/pt\/wp-json\/wp\/v2\/product_brand?post=8725"},{"taxonomy":"product_cat","embeddable":true,"href":"https:\/\/rezeptfrei-apotheke.net\/pt\/wp-json\/wp\/v2\/product_cat?post=8725"},{"taxonomy":"product_tag","embeddable":true,"href":"https:\/\/rezeptfrei-apotheke.net\/pt\/wp-json\/wp\/v2\/product_tag?post=8725"}],"curies":[{"name":"wp","href":"https:\/\/api.w.org\/{rel}","templated":true}]}}