{"id":8727,"date":"2023-10-21T10:59:44","date_gmt":"2023-10-21T10:59:44","guid":{"rendered":"https:\/\/rezeptfrei-apotheke.net\/?post_type=product&#038;p=8727"},"modified":"2023-10-30T20:28:47","modified_gmt":"2023-10-30T20:28:47","slug":"5-meo-dalt","status":"publish","type":"product","link":"https:\/\/rezeptfrei-apotheke.net\/pt\/product\/5-meo-dalt\/","title":{"rendered":"5-MeO-DALT"},"content":{"rendered":"<h2><strong>COMPRAR 5-MEO-DALT<\/strong><\/h2>\n<p>5-MeO-DALT, tamb\u00e9m conhecido como N, N-Diallyl-5-metoxitriptamina ou coloquialmente como Foxtrot, \u00e9 um psicod\u00e9lico menos conhecido da classe das triptaminas. Alexander Theodore Shulgin foi um qu\u00edmico, bioqu\u00edmico, qu\u00edmico org\u00e2nico, farmacologista, psicofarmacologista e autor americano. Ele \u00e9 creditado pela introdu\u00e7\u00e3o do MDMA e, portanto, conhecido como o Padrinho dos Psicod\u00e9licos. Em 2004, Shulgin encaminhou sua pesquisa para um pesquisador associado chamado Murple em maio de 2004, ap\u00f3s o que ela se espalhou rapidamente. Logo ap\u00f3s a descoberta, o 5-MeO-DALT apareceu no mercado de produtos qu\u00edmicos para pesquisa ap\u00f3s ser sintetizado por laborat\u00f3rios comerciais na China. Erowid publicou oficialmente a s\u00edntese e os resultados do 5-MeO-DALT. Relat\u00f3rios sobre a detec\u00e7\u00e3o de 5-MeO-DALT por pesquisadores come\u00e7aram a surgir em 2007.<\/p>\n<p>&nbsp;<\/p>\n<h2><strong>COMO USAR O P\u00d3 5-MEO-DALT?<\/strong><\/h2>\n<p>Compre produtos qu\u00edmicos de pesquisa 5-MeO-DALT online na forma de p\u00f3 da mais alta qualidade. Fornecido pela Realchems nas quantidades 0,25gr, 0,5gr, 1gr, 2gr e 5gr. Certifique-se de armazenar o p\u00f3 5-MeO-DALT em local seco e fresco para m\u00e1xima vida \u00fatil. Ao manusear produtos qu\u00edmicos de pesquisa, certifique-se de sempre tomar as devidas precau\u00e7\u00f5es no laborat\u00f3rio, como limpar superf\u00edcies e usar luvas, m\u00e1scara e roupas de prote\u00e7\u00e3o.<\/p>\n<p>&nbsp;<\/p>\n<h2><strong>DEFINI\u00c7\u00c3O 5-MEO-DALT<\/strong><\/h2>\n<p>A defini\u00e7\u00e3o de 5-MeO-DALT \u00e9 oficialmente conhecida como N, N-Diallyl-5-metoxitriptamina ou coloquialmente como Foxtrot, um psicod\u00e9lico estruturalmente relacionado a triptaminas como 5-MeO-DiPT e DALT.<\/p>\n<p>&nbsp;<\/p>\n<h2><strong>INFORMA\u00c7\u00d5ES B\u00c1SICAS DE QU\u00cdMICA 5-MEO-DALT<\/strong><\/h2>\n<p>N, N-Dialil-5-metoxitriptamina tem o nome da estrutura qu\u00edmica 5-MetOxi-DiALlil Triptamina e consiste em dois grupos alil ligados ao grupo amino e um grupo 5-metoxi ligado ao anel indol da triptamina. O 5-Meo-DALT est\u00e1 estruturalmente relacionado ao DALT e ao 5-MeO-DiPT e pode frequentemente ser encontrado em uma subst\u00e2ncia em p\u00f3 esbranqui\u00e7ada.<\/p>\n<p>Teoricamente, o 5-MeO-DALT atua como um agonista parcial do 5-HT2A. Acredita-se que os resultados psicod\u00e9licos prov\u00eam de sua efic\u00e1cia nos receptores 5-HT2A. No entanto, os resultados da investiga\u00e7\u00e3o continuam a ser objeto de estudos cient\u00edficos cont\u00ednuos. O 5-MeO-DALT tem uma hist\u00f3ria muito curta. Portanto, \u00e9 altamente recomend\u00e1vel usar pr\u00e1ticas de redu\u00e7\u00e3o de danos ao conduzir pesquisas sobre esta subst\u00e2ncia.<\/p>\n<p>&nbsp;<\/p>\n<h2><strong>ONDE COMPRAR 5-MEO-DALT<\/strong><\/h2>\n<p>O 5-MeO-DALT pode ser adquirido aqui no site <a href=\"https:\/\/rezeptfrei-apotheke.net\/pt\/\">Rchemshop<\/a> local na rede Internet. Vendemos 5-MeO-DALT de qualidade premium, normalmente em p\u00f3. No entanto, muitas vezes temos outras formas de subst\u00e2ncia dispon\u00edveis, por isso n\u00e3o hesite em contactar-nos para saber se temos a sua forma de subst\u00e2ncia preferida em stock. Voc\u00ea deve ter pelo menos 18 anos para comprar 5-MeO-DALT conosco.<\/p>","protected":false},"excerpt":{"rendered":"<p><strong>Nome IUPAC: <\/strong>N-alil-N-[2-(5-metoxi-1H-indol-3-il)etil] prop-2-en-1-amina<\/p>\n<p><strong>CAS # <\/strong>928822-98-4<\/p>\n<p><strong>Outro nome: <\/strong>N,N-dialil-5-metoxitriptamina<\/p>\n<p><strong>Forma: <\/strong>hcl<\/p>\n<p><strong>An\u00e1lise de RMN: <\/strong>C17H22N2O<\/p>","protected":false},"featured_media":8774,"comment_status":"open","ping_status":"closed","template":"","meta":[],"product_brand":[],"product_cat":[96],"product_tag":[],"class_list":{"0":"post-8727","1":"product","2":"type-product","3":"status-publish","4":"has-post-thumbnail","6":"product_cat-buy-tryptamines-online","8":"first","9":"instock","10":"shipping-taxable","11":"purchasable","12":"product-type-variable"},"jetpack_sharing_enabled":true,"_links":{"self":[{"href":"https:\/\/rezeptfrei-apotheke.net\/pt\/wp-json\/wp\/v2\/product\/8727","targetHints":{"allow":["GET"]}}],"collection":[{"href":"https:\/\/rezeptfrei-apotheke.net\/pt\/wp-json\/wp\/v2\/product"}],"about":[{"href":"https:\/\/rezeptfrei-apotheke.net\/pt\/wp-json\/wp\/v2\/types\/product"}],"replies":[{"embeddable":true,"href":"https:\/\/rezeptfrei-apotheke.net\/pt\/wp-json\/wp\/v2\/comments?post=8727"}],"wp:featuredmedia":[{"embeddable":true,"href":"https:\/\/rezeptfrei-apotheke.net\/pt\/wp-json\/wp\/v2\/media\/8774"}],"wp:attachment":[{"href":"https:\/\/rezeptfrei-apotheke.net\/pt\/wp-json\/wp\/v2\/media?parent=8727"}],"wp:term":[{"taxonomy":"product_brand","embeddable":true,"href":"https:\/\/rezeptfrei-apotheke.net\/pt\/wp-json\/wp\/v2\/product_brand?post=8727"},{"taxonomy":"product_cat","embeddable":true,"href":"https:\/\/rezeptfrei-apotheke.net\/pt\/wp-json\/wp\/v2\/product_cat?post=8727"},{"taxonomy":"product_tag","embeddable":true,"href":"https:\/\/rezeptfrei-apotheke.net\/pt\/wp-json\/wp\/v2\/product_tag?post=8727"}],"curies":[{"name":"wp","href":"https:\/\/api.w.org\/{rel}","templated":true}]}}