{"id":8728,"date":"2023-10-21T10:59:44","date_gmt":"2023-10-21T10:59:44","guid":{"rendered":"https:\/\/rezeptfrei-apotheke.net\/?post_type=product&#038;p=8728"},"modified":"2023-10-30T20:42:46","modified_gmt":"2023-10-30T20:42:46","slug":"5-meo-dmt-freebase","status":"publish","type":"product","link":"https:\/\/rezeptfrei-apotheke.net\/pt\/product\/5-meo-dmt-freebase\/","title":{"rendered":"Base livre 5-MeO-DMT"},"content":{"rendered":"<h2><strong>Informa\u00e7\u00f5es gerais sobre Compre base gratuita de 5-MeO-DMT<\/strong><\/h2>\n<p>5-Meo-DMT freebase \u00e9 um psicod\u00e9lico qu\u00edmico de pesquisa da classe das triptaminas, quatro a v\u00e1rias vezes mais impressionante do que seu primo mais conhecido, o DMT (N, N-dimetiltriptamina).<\/p>\n<p>Parece ser encontrado em uma grande variedade de \u00e1rvores e arbustos, frequentemente pr\u00f3ximos ao DMT e \u00e0 bufotenina (5-HO-DMT), bem como em um tipo de sapo. A base livre de 5-Meo-DMT tamb\u00e9m pode ser produzida sinteticamente.<\/p>\n<p>Na Am\u00e9rica Central e do Sul, a base livre de 5-MeO-DMT \u00e9 obtida com mais frequ\u00eancia de Anadenanthera peregrine e Virola theiodora \u2013 as duas geralmente s\u00e3o colhidas para fazer rap\u00e9 psicoativo.<\/p>\n<p>Tamb\u00e9m \u00e9 encontrado na toxina branca e lisa do Sapo do Deserto de Sonora, que \u00e9 local no sudoeste dos EUA e no noroeste do M\u00e9xico. A colheita de veneno pressionou a popula\u00e7\u00e3o de habitantes desta esp\u00e9cie naturalmente delicada. Agora \u00e9 registrado como arriscado ou detectado localmente em alguns estados dos EUA. Sugere-se a busca de op\u00e7\u00f5es de fontes de 5-MeO DMT, por exemplo, vers\u00f5es sint\u00e9ticas ou derivadas de plantas.<\/p>\n<h3><strong>Composi\u00e7\u00e3o qu\u00edmica da base livre 5-MeO-DMT<\/strong><\/h3>\n<p>2-(5-metoxi-1H-indol-3-il)- N,N-dimetiletanamina (5-metoxi-N,N-dimetiltriptamina, abreviado para 5-MeO-DMT) \u00e9 um alcal\u00f3ide triptamina, um \u00e9ter de cheiro adocicado e uma amina terci\u00e1ria com carga subat\u00f4mica de 218,298 g\/mol e f\u00f3rmula qu\u00edmica C<sub>13<\/sub>H<sub>18<\/sub>N<sub>2<\/sub>O. Como base livre, o 5-MeO-DMT \u00e9 um branco forte com ponto de liquefa\u00e7\u00e3o de 69,5\u00b0C. Sua dissolubilidade em \u00e1gua \u00e9 &gt;32,7 \u03bcg\/mL.<\/p>\n<h3><strong>Farmacologia produto qu\u00edmico de pesquisa 5-MeO-DMT<\/strong><\/h3>\n<p>Como as outras triptaminas, o 5-MeO-DMT freebase kopen tem uma estrutura b\u00e1sica semelhante ao DMT, mas possui um grupo metoxi na posi\u00e7\u00e3o R5. Funciona basicamente como agonista do receptor da serotonina (5-HT), com prefer\u00eancia restritiva espec\u00edfica ao subtipo de receptor 5-HT1A. Ele se liga ao 5-HT2A e segue os receptores de aminas, possivelmente mediando impactos alucin\u00f3genos usando estes \u00faltimos. A inibi\u00e7\u00e3o da recapta\u00e7\u00e3o de neurotransmissores, como noradrenalina e dopamina, tamb\u00e9m \u00e9 considerada envolvida com a capacidade do 5-MeO-DMT.<\/p>\n<h3><strong>Compra de 5-MeO-DMT de alta qualidade<\/strong><\/h3>\n<p>TRRCSHOP tem muitos anos de experi\u00eancia na ind\u00fastria de design de produtos qu\u00edmicos de pesquisa, o que nos permite garantir a mais alta qualidade desses produtos qu\u00edmicos de pesquisa. A equipe de pesquisa qu\u00edmica vende 5-MeO-DMT freebase kopen. Os produtos qu\u00edmicos de pesquisa, incluindo as bases livres 5-MeO-DMT, atendem a todos os requisitos de seguran\u00e7a. Os produtos qu\u00edmicos de pesquisa s\u00e3o cuidadosamente distribu\u00eddos e armazenados em local fresco e seco.<\/p>\n<p>Todos os produtos s\u00e3o inspecionados regularmente quanto \u00e0 qualidade, pureza e seguran\u00e7a. Mantenha sempre a base livre de 5-MeO-DMT em temperatura ambiente e fora do alcance de crian\u00e7as e animais de estima\u00e7\u00e3o. Nossa base gratuita 5-MeO-DMT n\u00e3o se destina ao uso pessoal. \u00c9 apenas para fins de pesquisa.<\/p>\n<p>N\u00e3o deve ser misturado com \u00e1lcool ou produtos qu\u00edmicos de pesquisa ao pesquisar este produto qu\u00edmico de pesquisa!<\/p>\n<p>Todos os nossos produtos t\u00eam um pre\u00e7o justo!<\/p>\n<h3><strong>Base livre de 5-MeO-DMT testada em laborat\u00f3rio com resultados.<\/strong><\/h3>\n<p>Refaz progressos em dire\u00e7\u00e3o \u00e0 satisfa\u00e7\u00e3o geral de seus clientes. Diferentes exames mostraram que os clientes solicitam tantos dados quanto o esperado antes de comprar produtos qu\u00edmicos sint\u00e9ticos para pesquisa. Al\u00e9m disso, publicamos todos os resultados laboratoriais de cada composto de exame em um arquivo PDF.<\/p>\n<p>Nossa base livre 5-MeO-DMT atende consistentemente aos ingredientes ativos e pode ser facilmente vista por todos.<\/p>\n<p>Distribu\u00edmos todas as consequ\u00eancias laboratoriais de cada produto qu\u00edmico de pesquisa em um documento PDF.<\/p>\n<h3><strong>Encomende com seguran\u00e7a na base gratuita 5-MeO-DMT.<\/strong><\/h3>\n<p>Os produtos qu\u00edmicos de pesquisa TRRCSHOP s\u00e3o de excelente qualidade e t\u00eam um custo justo. Portanto, quando voc\u00ea solicitar seu\u00a0<strong>Base livre 5-MeO-DMT\u00a0<\/strong>na TRRCSHOP garantimos que transportaremos o seu pedido para sua casa com rapidez e seguran\u00e7a.<\/p>\n<p>Solicitar compostos de pesquisa sint\u00e9tica com Bitcoin ou transfer\u00eancia banc\u00e1ria \u00e9 simples no TRRCSHOP.<\/p>\n<p>Enviamos 5-MeO-DMT freebase no mesmo dia \u00fatil se o pagamento for recebido antes das 14h CEST. Geralmente n\u00e3o enviamos aos s\u00e1bados, domingos ou feriados nacionais\/internacionais<strong>.<\/strong><\/p>\n<h3><strong>Envio discreto de produtos qu\u00edmicos de pesquisa.<\/strong><\/h3>\n<p>Embora os produtos qu\u00edmicos de pesquisa de design sejam legalmente acess\u00edveis on-line, n\u00f3s da Rchemshop entregamos de forma mais segura e razo\u00e1vel. Al\u00e9m disso, embalamos com perfeita discri\u00e7\u00e3o e nenhum sinal do que poderia estar dentro ser\u00e1 mostrado do lado de fora.<\/p>\n<p>Enviamos encomendas superiores a 500 euros com track and follow para que possa acompanhar o seu pacote de forma progressiva. Enviamos encomendas superiores a 500 euros pela rota acess\u00edvel.<\/p>\n<p>N\u00e3o fornecemos itens para menores de 18 anos!<\/p>\n<h3><strong>Precau\u00e7\u00f5es<\/strong><\/h3>\n<ul>\n<li>Compre o produto qu\u00edmico de pesquisa 5-MeO-DMT e o equipamento de prote\u00e7\u00e3o individual apropriado, como \u00f3culos e luvas. Limpe e cuide deles adequadamente. Siga sistemas seguros ao manusear produtos qu\u00edmicos de pesquisa e n\u00e3o tome atalhos.<\/li>\n<li>Se o produto qu\u00edmico da pesquisa entrar em contato com os olhos, lave bem e remova as lentes de contato, se necess\u00e1rio.<\/li>\n<li>Tente usar uma m\u00e1scara ao usar esses produtos qu\u00edmicos para que eles n\u00e3o entrem em voc\u00ea durante a respira\u00e7\u00e3o.<\/li>\n<li>Conforme indicam os m\u00e9todos suportados, manuseie, armazene e descarte com seguran\u00e7a materiais perigosos. Nunca jogue-os em esgotos ou canais.<\/li>\n<li>Armazene os produtos qu\u00edmicos de pesquisa de forma adequada, conforme indicado em seus nomes. Os produtos qu\u00edmicos inflam\u00e1veis devem ser guardados em cannabis seca e excelente, longe da intensidade e da luz solar. Alguns produtos sint\u00e9ticos, como os \u00e1cidos, devem ser guardados independentemente uns dos outros.<\/li>\n<li>TRRCSHOP oferecido para fins de pesquisa; o consumo humano \u00e9 altamente proibido.<\/li>\n<\/ul>","protected":false},"excerpt":{"rendered":"<p><strong>Nome IUPAC: <\/strong>2-(5-metoxi-1H-indol-3-il)-N,N-dimetiletanamina<\/p>\n<p><strong>CAS # <\/strong>1019-45-0<\/p>\n<p><strong>Outro nome: <\/strong>5-metoxi-N,N-dimetiltriptamina<\/p>\n<p><strong>Apar\u00eancia: <\/strong>p\u00f3<\/p>\n<p><strong>Forma: <\/strong>base livre<\/p>\n<p><strong>An\u00e1lise de RMN: <\/strong>C13H18N2O<\/p>","protected":false},"featured_media":8775,"comment_status":"open","ping_status":"closed","template":"","meta":[],"product_brand":[],"product_cat":[96],"product_tag":[],"class_list":{"0":"post-8728","1":"product","2":"type-product","3":"status-publish","4":"has-post-thumbnail","6":"product_cat-buy-tryptamines-online","8":"first","9":"instock","10":"shipping-taxable","11":"purchasable","12":"product-type-variable"},"jetpack_sharing_enabled":true,"_links":{"self":[{"href":"https:\/\/rezeptfrei-apotheke.net\/pt\/wp-json\/wp\/v2\/product\/8728","targetHints":{"allow":["GET"]}}],"collection":[{"href":"https:\/\/rezeptfrei-apotheke.net\/pt\/wp-json\/wp\/v2\/product"}],"about":[{"href":"https:\/\/rezeptfrei-apotheke.net\/pt\/wp-json\/wp\/v2\/types\/product"}],"replies":[{"embeddable":true,"href":"https:\/\/rezeptfrei-apotheke.net\/pt\/wp-json\/wp\/v2\/comments?post=8728"}],"wp:featuredmedia":[{"embeddable":true,"href":"https:\/\/rezeptfrei-apotheke.net\/pt\/wp-json\/wp\/v2\/media\/8775"}],"wp:attachment":[{"href":"https:\/\/rezeptfrei-apotheke.net\/pt\/wp-json\/wp\/v2\/media?parent=8728"}],"wp:term":[{"taxonomy":"product_brand","embeddable":true,"href":"https:\/\/rezeptfrei-apotheke.net\/pt\/wp-json\/wp\/v2\/product_brand?post=8728"},{"taxonomy":"product_cat","embeddable":true,"href":"https:\/\/rezeptfrei-apotheke.net\/pt\/wp-json\/wp\/v2\/product_cat?post=8728"},{"taxonomy":"product_tag","embeddable":true,"href":"https:\/\/rezeptfrei-apotheke.net\/pt\/wp-json\/wp\/v2\/product_tag?post=8728"}],"curies":[{"name":"wp","href":"https:\/\/api.w.org\/{rel}","templated":true}]}}