{"id":8729,"date":"2023-10-21T10:59:44","date_gmt":"2023-10-21T10:59:44","guid":{"rendered":"https:\/\/rezeptfrei-apotheke.net\/?post_type=product&#038;p=8729"},"modified":"2023-10-30T20:38:30","modified_gmt":"2023-10-30T20:38:30","slug":"ept","status":"publish","type":"product","link":"https:\/\/rezeptfrei-apotheke.net\/pt\/product\/ept\/","title":{"rendered":"EPT"},"content":{"rendered":"<h2 style=\"font-weight: 500;\"><span data-contrast=\"none\">O que<\/span><span data-contrast=\"none\">\u00a0\u00e9 EPT?\u00a0<\/span><span data-ccp-props=\"{}\">\u00a0<\/span><\/h2>\n<p><span data-contrast=\"none\">EPT \u00e9 a abrevia\u00e7\u00e3o de\u00a0<\/span><span data-contrast=\"auto\">N-Etil-N-<\/span><span data-contrast=\"auto\">propiltriptamina<\/span><span data-contrast=\"auto\">. Ele se enquadra na classe de produtos qu\u00edmicos triptamina. EPT \u00e9 uma triptamina relativamente nova e relativamente obscura. Na verdade, a data de s\u00edntese original \u00e9 desconhecida para o EPT. No entanto, est\u00e1 dispon\u00edvel para venda no mercado de pesquisa desde 2016. Os resultados das pesquisas de experimentos de laborat\u00f3rio de EPT s\u00e3o normalmente descritos como menos intensos do que os de outras triptaminas, como DMT, DET e DPT. Portanto, se voc\u00ea est\u00e1 procurando uma alternativa mais suave ao DMT, DET ou DPT, o EPT \u00e9 uma op\u00e7\u00e3o s\u00f3lida para voc\u00ea.\u00a0<\/span><span data-ccp-props=\"{}\">\u00a0<\/span><\/p>\n<p style=\"font-weight: 400;\">\n<h2 style=\"font-weight: 500;\"><span data-contrast=\"none\">Onde comprar EPT?\u00a0<\/span><span data-ccp-props=\"{}\">\u00a0<\/span><\/h2>\n<p><span data-contrast=\"none\">Chemical Planet \u00e9 um dos principais fornecedores de EPT. Vendemos EPT tanto no\u00a0<\/span><span data-contrast=\"none\">hcl<\/span><span data-contrast=\"none\">\u00a0e formas de p\u00f3 de fumarato. No entanto, se voc\u00ea preferir outras formas do produto qu\u00edmico, sinta-se \u00e0 vontade para entrar em contato conosco para saber se o temos dispon\u00edvel.\u00a0<\/span><span data-ccp-props=\"{}\">\u00a0<\/span><\/p>\n<p><span data-contrast=\"none\">Para comprar o EPT do Chemical Planet, voc\u00ea deve ter permiss\u00e3o legal em seu pa\u00eds e tamb\u00e9m deve ter mais de 18 anos. Nosso EPT \u00e9 destinado apenas para fins de pesquisa. N\u00e3o foi projetado para uso animal ou humano.\u00a0<\/span><span data-ccp-props=\"{}\">\u00a0<\/span><\/p>\n<p><span data-ccp-props=\"{}\">\u00a0<\/span><\/p>\n<h2 style=\"font-weight: 500;\"><span data-contrast=\"none\">Legalidade do EPT<\/span><span data-ccp-props=\"{}\">\u00a0<\/span><\/h2>\n<p><span data-contrast=\"none\">EPT \u00e9 um medicamento de Classe A no Reino Unido. Nos Estados Unidos, n\u00e3o \u00e9 programado. No entanto, poderia ser potencialmente considerado um an\u00e1logo do DMT, que \u00e9 um medicamento da Tabela I.<\/span><\/p>","protected":false},"excerpt":{"rendered":"<p><strong>Nome IUPAC: <\/strong>3-[2-(Etil(propil)amino)etil]-1H-indol<\/p>\n<p><strong>Outro nome: <\/strong>N-Etil-N-propiltriptamina<\/p>\n<p><strong>Apar\u00eancia: <\/strong>p\u00f3<\/p>\n<p><strong>Forma: <\/strong>fumarato<\/p>\n<p><strong>An\u00e1lise de RMN: <\/strong>N \/ D<\/p>","protected":false},"featured_media":8776,"comment_status":"open","ping_status":"closed","template":"","meta":[],"product_brand":[],"product_cat":[96],"product_tag":[],"class_list":{"0":"post-8729","1":"product","2":"type-product","3":"status-publish","4":"has-post-thumbnail","6":"product_cat-buy-tryptamines-online","8":"first","9":"instock","10":"shipping-taxable","11":"purchasable","12":"product-type-variable"},"jetpack_sharing_enabled":true,"_links":{"self":[{"href":"https:\/\/rezeptfrei-apotheke.net\/pt\/wp-json\/wp\/v2\/product\/8729","targetHints":{"allow":["GET"]}}],"collection":[{"href":"https:\/\/rezeptfrei-apotheke.net\/pt\/wp-json\/wp\/v2\/product"}],"about":[{"href":"https:\/\/rezeptfrei-apotheke.net\/pt\/wp-json\/wp\/v2\/types\/product"}],"replies":[{"embeddable":true,"href":"https:\/\/rezeptfrei-apotheke.net\/pt\/wp-json\/wp\/v2\/comments?post=8729"}],"wp:featuredmedia":[{"embeddable":true,"href":"https:\/\/rezeptfrei-apotheke.net\/pt\/wp-json\/wp\/v2\/media\/8776"}],"wp:attachment":[{"href":"https:\/\/rezeptfrei-apotheke.net\/pt\/wp-json\/wp\/v2\/media?parent=8729"}],"wp:term":[{"taxonomy":"product_brand","embeddable":true,"href":"https:\/\/rezeptfrei-apotheke.net\/pt\/wp-json\/wp\/v2\/product_brand?post=8729"},{"taxonomy":"product_cat","embeddable":true,"href":"https:\/\/rezeptfrei-apotheke.net\/pt\/wp-json\/wp\/v2\/product_cat?post=8729"},{"taxonomy":"product_tag","embeddable":true,"href":"https:\/\/rezeptfrei-apotheke.net\/pt\/wp-json\/wp\/v2\/product_tag?post=8729"}],"curies":[{"name":"wp","href":"https:\/\/api.w.org\/{rel}","templated":true}]}}