{"id":8995,"date":"2023-10-21T11:00:54","date_gmt":"2023-10-21T11:00:54","guid":{"rendered":"https:\/\/rezeptfrei-apotheke.net\/?post_type=product&#038;p=8995"},"modified":"2025-11-01T23:20:28","modified_gmt":"2025-11-01T23:20:28","slug":"buy-4-ho-malt","status":"publish","type":"product","link":"https:\/\/rezeptfrei-apotheke.net\/pt\/product\/buy-4-ho-malt\/","title":{"rendered":"4-ACO-MALTE"},"content":{"rendered":"<h2><strong>COMPRAR 4-HO-MALTE<\/strong><\/h2>\n<p>O 4-HO-MALT, tamb\u00e9m conhecido como 4-Acetoxi-MALT, \u00e9 uma subst\u00e2ncia relativamente incomum e muito rara da classe das triptaminas e \u00e9 semelhante ao 4-acetoxi-DMT e ao 5-MeO-MALT. A estrutura molecular e os efeitos farmacol\u00f3gicos do 4-HO-MALT lembram um pouco os da triptamina psilocina, que \u00e9 o principal produto qu\u00edmico psicoativo dos cogumelos m\u00e1gicos. Os cogumelos psilocibina, mais conhecidos como cogumelos m\u00e1gicos, cogumelos psicod\u00e9licos, cogumelos m\u00e1gicos e cogumelos, s\u00e3o uma fam\u00edlia de cogumelos psicoativos que cont\u00eam psilocibina, uma classe psicod\u00e9lica de triptamina. A psilocina \u00e9 uma subst\u00e2ncia psicod\u00e9lica natural e o principal constituinte psicoativo de certas esp\u00e9cies de cogumelos. Os cogumelos psilocibina ocorrem em todos os continentes e s\u00e3o classificados em mais de 200 esp\u00e9cies.<\/p>\n<p>&nbsp;<\/p>\n<h2><strong>COMO USAR O P\u00d3 4-HO-MALTE?<\/strong><\/h2>\n<p>Compre 4-HO-MALT e uma das melhores triptaminas psicod\u00e9licas online na forma de p\u00f3 da mais alta qualidade. O 4-HO-MALT est\u00e1 dispon\u00edvel nas quantidades 0,25gr, 0,5gr, 1gr e 2gr. Certifique-se de armazenar o p\u00f3 4-HO-MALT em local seco e fresco para m\u00e1xima vida \u00fatil. Ao manusear produtos qu\u00edmicos de pesquisa, certifique-se de sempre tomar as devidas precau\u00e7\u00f5es no laborat\u00f3rio, como limpar superf\u00edcies e usar luvas, m\u00e1scara e roupas de prote\u00e7\u00e3o. Aconselhamos vivamente a utiliza\u00e7\u00e3o de pr\u00e1ticas de redu\u00e7\u00e3o de danos ao utilizar produtos qu\u00edmicos de investiga\u00e7\u00e3o.<\/p>\n<p>&nbsp;<\/p>\n<h2><strong>DEFINI\u00c7\u00c3O 4-HO-MALTE<\/strong><\/h2>\n<p>A defini\u00e7\u00e3o de 4-HO-MALT \u00e9 oficialmente conhecida como 4-Acetoxi-MALT \u00e9 uma subst\u00e2ncia relativamente incomum e muito rara da classe das triptaminas.<\/p>\n<p>&nbsp;<\/p>\n<h2><strong>INFORMA\u00c7\u00d5ES B\u00c1SICAS DE QU\u00cdMICA 4-HO-MALT<\/strong><\/h2>\n<p>4-HO-MALT \u00e9 semelhante ao 4-acetoxi-DMT e 5-MeO-MALT. A estrutura molecular e os resultados farmacol\u00f3gicos do 4-acetoxi-MALT lembram um pouco os da triptamina psilocina, que \u00e9 o principal produto qu\u00edmico psicoativo dos cogumelos m\u00e1gicos. A psilocibina est\u00e1 quimicamente relacionada ao amino\u00e1cido triptofano e estruturalmente semelhante ao neurotransmissor serotonina. As subst\u00e2ncias da classe das triptaminas compartilham o n\u00facleo de um ciclo indol bic\u00edclico.<\/p>\n<p>&nbsp;<\/p>\n<h2><strong>ONDE COMPRAR 4-HO-MALT<\/strong><\/h2>\n<p>4-HO-MALT pode ser adquirido aqui no site <a href=\"https:\/\/rezeptfrei-apotheke.net\/pt\/\">loja de produtos qu\u00edmicos<\/a> local na rede Internet. Vendemos 4-HO-MALT de qualidade premium, normalmente em p\u00f3. No entanto, muitas vezes temos outras formas de subst\u00e2ncia dispon\u00edveis, por isso n\u00e3o hesite em contactar-nos para saber se temos a sua forma de subst\u00e2ncia preferida em stock. Voc\u00ea deve ter pelo menos 18 anos para comprar 4-HO-MALT conosco.<\/p>","protected":false},"excerpt":{"rendered":"<p><strong>Nome IUPAC: <\/strong>acetato de 3-(2-(alil(metil)amino)etil)-1H-indol-4-il<\/p>\n<p><strong>Outro nome: <\/strong>4-Acetoxi-MALT<\/p>\n<p><strong>An\u00e1lise de RMN: <\/strong>C16H20N2O2<\/p>","protected":false},"featured_media":9018,"comment_status":"open","ping_status":"closed","template":"","meta":[],"product_brand":[],"product_cat":[96],"product_tag":[],"class_list":{"0":"post-8995","1":"product","2":"type-product","3":"status-publish","4":"has-post-thumbnail","6":"product_cat-buy-tryptamines-online","8":"first","9":"instock","10":"shipping-taxable","11":"purchasable","12":"product-type-variable"},"jetpack_sharing_enabled":true,"_links":{"self":[{"href":"https:\/\/rezeptfrei-apotheke.net\/pt\/wp-json\/wp\/v2\/product\/8995","targetHints":{"allow":["GET"]}}],"collection":[{"href":"https:\/\/rezeptfrei-apotheke.net\/pt\/wp-json\/wp\/v2\/product"}],"about":[{"href":"https:\/\/rezeptfrei-apotheke.net\/pt\/wp-json\/wp\/v2\/types\/product"}],"replies":[{"embeddable":true,"href":"https:\/\/rezeptfrei-apotheke.net\/pt\/wp-json\/wp\/v2\/comments?post=8995"}],"wp:featuredmedia":[{"embeddable":true,"href":"https:\/\/rezeptfrei-apotheke.net\/pt\/wp-json\/wp\/v2\/media\/9018"}],"wp:attachment":[{"href":"https:\/\/rezeptfrei-apotheke.net\/pt\/wp-json\/wp\/v2\/media?parent=8995"}],"wp:term":[{"taxonomy":"product_brand","embeddable":true,"href":"https:\/\/rezeptfrei-apotheke.net\/pt\/wp-json\/wp\/v2\/product_brand?post=8995"},{"taxonomy":"product_cat","embeddable":true,"href":"https:\/\/rezeptfrei-apotheke.net\/pt\/wp-json\/wp\/v2\/product_cat?post=8995"},{"taxonomy":"product_tag","embeddable":true,"href":"https:\/\/rezeptfrei-apotheke.net\/pt\/wp-json\/wp\/v2\/product_tag?post=8995"}],"curies":[{"name":"wp","href":"https:\/\/api.w.org\/{rel}","templated":true}]}}