{"id":8996,"date":"2023-10-21T11:00:54","date_gmt":"2023-10-21T11:00:54","guid":{"rendered":"https:\/\/rezeptfrei-apotheke.net\/?post_type=product&#038;p=8996"},"modified":"2025-09-17T03:36:44","modified_gmt":"2025-09-17T03:36:44","slug":"buy-5-meo-mipt","status":"publish","type":"product","link":"https:\/\/rezeptfrei-apotheke.net\/pt\/product\/buy-5-meo-mipt\/","title":{"rendered":"5-MeO-MiPT"},"content":{"rendered":"<h2><strong>COMPRAR 5-MEO-MIPT<\/strong><\/h2>\n<p>5-MeO-MiPT tamb\u00e9m conhecido como 5-Metoxi-N-metil-N-isopropiltriptamina e moxi \u00e9 um psicod\u00e9lico menos conhecido da classe das triptaminas. O 5-MeO-MiPT est\u00e1 estruturalmente relacionado a outras triptaminas como 5-MeO-DMT e 5-MeO-DiPT. \u00c9 incomum em rela\u00e7\u00e3o \u00e0 dietilamida do \u00e1cido lis\u00e9rgico e \u00e0 psilocina, mas j\u00e1 existe h\u00e1 algumas d\u00e9cadas. 5-MeO-MiPT faz com que o reagente de ehrlich fique roxo e depois desbote para um azul claro. Isso faz com que o reagente marqu\u00eas passe de amarelo a preto. Acredita-se que os resultados da pesquisa psicoativa prov\u00eam da atividade nos receptores de serotonina.<\/p>\n<p>A s\u00edntese de 5-MeO-MiPT foi relatada pela primeira vez em 1985 por David Repke e Alexander Shulgin e descrita no livro de Shulgin TiHKAL \u201cTryptamines I Have Known and Loved\u201d.<\/p>\n<p>Relat\u00f3rios de pesquisa descrevem os efeitos do 5-MeO-MiPT como altamente estimulantes e levemente entactog\u00eanicos, carecendo de resultados psicod\u00e9licos t\u00edpicos. Muito pouco se sabe sobre o 5-MeO-MiPT e ele tem uma hist\u00f3ria limitada no mercado de produtos qu\u00edmicos para pesquisa. \u00c9 altamente recomend\u00e1vel usar pr\u00e1ticas de redu\u00e7\u00e3o de danos ao pesquisar esta subst\u00e2ncia.<\/p>\n<p>&nbsp;<\/p>\n<h2><strong>COMO USAR P\u00d3 E PELLETS 5-MEO-MIPT?<\/strong><\/h2>\n<p>Na Realchems voc\u00ea pode comprar 5-MeO-MIPT online na forma de p\u00f3 e pellet da mais alta qualidade. Compre p\u00f3 de 5-MeO-MIPT em quantidades de 0,25gr, 0,5gr, 1gr e 2gr ou compre pellets de 5-MeO-MIPT em quantidades que variam de 1-25. Certifique-se de armazenar o p\u00f3 ou pellets de 5-MeO-MIPT em local seco e fresco para m\u00e1xima vida \u00fatil. Ao manusear produtos qu\u00edmicos de pesquisa, certifique-se de sempre tomar as devidas precau\u00e7\u00f5es no laborat\u00f3rio, como limpar superf\u00edcies e usar luvas, m\u00e1scara e roupas de prote\u00e7\u00e3o.<\/p>\n<p>&nbsp;<\/p>\n<h2><strong>DEFINI\u00c7\u00c3O 5-MEO-MIPT<\/strong><\/h2>\n<p>A defini\u00e7\u00e3o de 5-MeO-MIPT \u00e9 oficialmente conhecida como 5-Metoxi-N-metil-N-isopropiltriptamina e comumente conhecida como moxi. \u00c9 uma triptamina menos conhecida, estruturalmente relacionada ao 5-MeO-DMT e ao 5-MeO-DiPT.<\/p>\n<p>&nbsp;<\/p>\n<h2><strong>INFORMA\u00c7\u00d5ES B\u00c1SICAS DE QU\u00cdMICA 5-MEO-MIPT<\/strong><\/h2>\n<p>O 5-MeO-MiPT \u00e9 estruturalmente semelhante \u00e0 subst\u00e2ncia mais popular 5-MeO-DiPT, tamb\u00e9m conhecida como foxy metoxi, portanto, o 5-MeO-MiPT \u00e9 conhecido pelo apelido de \u201cmoxy\u201d. O 5-MeO-MiPT foi sintetizado pela primeira vez em 1985 por David Repke e Alexander Shulgin. Alguns pesquisadores relatam os resultados t\u00edpicos do 5-MeO-DiPT sem nenhum dos resultados indesejados e muito mais psicod\u00e9licos em compara\u00e7\u00e3o com o 5-MeO-DMT.<\/p>\n<p>Os pesquisadores acreditam que o 5-MeO-MiPT atua principalmente devido ao agonismo do receptor 5-HT2A. Liga-se mais fortemente aos receptores 5-HT1A; tamb\u00e9m exibe afinidade de liga\u00e7\u00e3o bastante forte para SERT e NET, agindo como um inibidor moderadamente potente da recapta\u00e7\u00e3o de serotonina-norepinefrina. Muito pouco se sabe sobre o 5-MeO-MiPT e ele tem uma curta hist\u00f3ria no mercado de produtos qu\u00edmicos para pesquisa. \u00c9 altamente recomend\u00e1vel usar pr\u00e1ticas de redu\u00e7\u00e3o de danos ao estudar esta subst\u00e2ncia.<\/p>\n<p>&nbsp;<\/p>\n<h2><strong>ONDE COMPRAR 5-MEO-MIPT<\/strong><\/h2>\n<p>O 5-MeO-MIPT pode ser adquirido aqui no <a href=\"https:\/\/rezeptfrei-apotheke.net\/pt\/\">Rchemshop<\/a> local na rede Internet. Vendemos 5-MeO-MIPT de qualidade premium, normalmente em p\u00f3 e pellets. No entanto, muitas vezes temos outras formas de subst\u00e2ncia dispon\u00edveis, por isso n\u00e3o hesite em contactar-nos para saber se temos a sua forma de subst\u00e2ncia preferida em stock. Voc\u00ea deve ter pelo menos 18 anos para comprar 5-MeO-MIPT conosco.<\/p>","protected":false},"excerpt":{"rendered":"<p><strong>Nome IUPAC: <\/strong>N-[2-(5-Metoxi-1H-indol-3-il)etil]-N-metilpropan-2-amina<\/p>\n<p><strong>CAS # <\/strong>96096-55-8<\/p>\n<p><strong>Apar\u00eancia: <\/strong>p\u00f3<\/p>\n<p><strong>Forma: <\/strong>HCl<\/p>\n<p><strong>An\u00e1lise de RMN: <\/strong>C15H22N2O<\/p>","protected":false},"featured_media":9019,"comment_status":"open","ping_status":"closed","template":"","meta":[],"product_brand":[],"product_cat":[96],"product_tag":[],"class_list":{"0":"post-8996","1":"product","2":"type-product","3":"status-publish","4":"has-post-thumbnail","6":"product_cat-buy-tryptamines-online","8":"first","9":"instock","10":"shipping-taxable","11":"purchasable","12":"product-type-variable"},"jetpack_sharing_enabled":true,"_links":{"self":[{"href":"https:\/\/rezeptfrei-apotheke.net\/pt\/wp-json\/wp\/v2\/product\/8996","targetHints":{"allow":["GET"]}}],"collection":[{"href":"https:\/\/rezeptfrei-apotheke.net\/pt\/wp-json\/wp\/v2\/product"}],"about":[{"href":"https:\/\/rezeptfrei-apotheke.net\/pt\/wp-json\/wp\/v2\/types\/product"}],"replies":[{"embeddable":true,"href":"https:\/\/rezeptfrei-apotheke.net\/pt\/wp-json\/wp\/v2\/comments?post=8996"}],"wp:featuredmedia":[{"embeddable":true,"href":"https:\/\/rezeptfrei-apotheke.net\/pt\/wp-json\/wp\/v2\/media\/9019"}],"wp:attachment":[{"href":"https:\/\/rezeptfrei-apotheke.net\/pt\/wp-json\/wp\/v2\/media?parent=8996"}],"wp:term":[{"taxonomy":"product_brand","embeddable":true,"href":"https:\/\/rezeptfrei-apotheke.net\/pt\/wp-json\/wp\/v2\/product_brand?post=8996"},{"taxonomy":"product_cat","embeddable":true,"href":"https:\/\/rezeptfrei-apotheke.net\/pt\/wp-json\/wp\/v2\/product_cat?post=8996"},{"taxonomy":"product_tag","embeddable":true,"href":"https:\/\/rezeptfrei-apotheke.net\/pt\/wp-json\/wp\/v2\/product_tag?post=8996"}],"curies":[{"name":"wp","href":"https:\/\/api.w.org\/{rel}","templated":true}]}}