{"id":8997,"date":"2023-10-21T11:00:54","date_gmt":"2023-10-21T11:00:54","guid":{"rendered":"https:\/\/rezeptfrei-apotheke.net\/?post_type=product&#038;p=8997"},"modified":"2025-09-17T03:09:10","modified_gmt":"2025-09-17T03:09:10","slug":"dpt-hcl","status":"publish","type":"product","link":"https:\/\/rezeptfrei-apotheke.net\/pt\/product\/dpt-hcl\/","title":{"rendered":"DPT HCl"},"content":{"rendered":"<h2><strong>O que \u00e9 DPT<\/strong><strong>?<\/strong><\/h2>\n<p>Compre DPT ou Dipropiltriptamina ou N,N-Dipropiltriptamina \u00e9 um membro da classe Triptamina. Diz-se que DPT \u00e9 uma subst\u00e2ncia qu\u00edmica que provoca fortes mudan\u00e7as psicod\u00e9licas e est\u00e1 associada aos efeitos de aprimoramento espiritual, sin\u00f4nimos de DMT e Ayahuasca. Relatos aned\u00f3ticos mencionaram experi\u00eancias como o eternalismo, o predeterminismo e a percep\u00e7\u00e3o da exposi\u00e7\u00e3o \u00e0 mec\u00e2nica interna da consci\u00eancia. Devido \u00e0 for\u00e7a do DPT, n\u00e3o \u00e9 aconselh\u00e1vel test\u00e1-lo em participantes com pouca experi\u00eancia psicod\u00e9lica. Relat\u00f3rios dizem que \u00e9 muito semelhante ao DMT tanto nos efeitos quanto na imprevisibilidade dos efeitos colaterais. O DPT pode causar resultados altamente imprevis\u00edveis, portanto, certifique-se de que medidas pr\u00e9vias de redu\u00e7\u00e3o de danos sejam implementadas antes da experimenta\u00e7\u00e3o. \u00c9 importante notar que o DPT n\u00e3o se destina ao consumo humano, devem ser tomadas medidas adequadas quando se realiza investiga\u00e7\u00e3o experimental.<\/p>\n<h2><strong>Propriedades Qu\u00edmicas DPT<\/strong><\/h2>\n<p>F\u00f3rmula Qu\u00edmica: C16H24N2<\/p>\n<p>Massa molar: 244,37 g\/mol<\/p>\n<p>O DPT \u00e9 um membro da classe das triptaminas, \u00e9 uma mol\u00e9cula de indol sint\u00e9tica. Todas as triptaminas compartilham uma estrutura central que \u00e9 composta por um heterociclo indol bic\u00edclico que pode ser encontrado ligado em R3 atrav\u00e9s de uma cadeia lateral etila a um grupo amino. Duas cadeias de propil carbono podem ser encontradas no DPT ligadas \u00e0 amina terminal RN de sua estrutura triptamina.<\/p>\n<h2><strong>Uso de DPT<\/strong><\/h2>\n<p>Embora pouca pesquisa tenha sido feita sobre o DPT, parece haver alguma consist\u00eancia em rela\u00e7\u00e3o aos efeitos do produto qu\u00edmico da pesquisa nos participantes da pesquisa experimental.<\/p>\n<p>A seguir est\u00e3o alguns efeitos potenciais do DPT. Devido \u00e0 falta de pesquisas feitas sobre o DPT, esta est\u00e1 longe de ser uma lista exaustiva:<\/p>\n<ul>\n<li>Euforia f\u00edsica<\/li>\n<li>Mudan\u00e7as na gravidade sentida<\/li>\n<li>Mudan\u00e7as na forma corporal sentida<\/li>\n<li>Aprimoramento do controle corporal<\/li>\n<li>Efeito de deriva na percep\u00e7\u00e3o visual (transforma\u00e7\u00e3o, fus\u00e3o, fluxo, respira\u00e7\u00e3o)<\/li>\n<\/ul>\n<h2><strong>Quais s\u00e3o os potenciais efeitos colaterais do DPT?<\/strong><\/h2>\n<p>\u00c9 importante ter cautela ao fazer experi\u00eancias com DPT devido \u00e0 falta de pesquisas compartilhadas sobre o produto qu\u00edmico e seus efeitos em humanos.<\/p>\n<p>O que se segue n\u00e3o \u00e9 de forma alguma uma lista exaustiva dos potenciais efeitos secund\u00e1rios do DPT, mas dar\u00e1 uma ideia dos potenciais efeitos secund\u00e1rios que podem ocorrer quando a investiga\u00e7\u00e3o \u00e9 conduzida com o produto qu\u00edmico.<\/p>\n<p><strong>Alguns dos efeitos colaterais conhecidos do DPT incluem:<\/strong><\/p>\n<ul>\n<li><strong>Perda de controle do motor:\u00a0<\/strong>este parece ser um efeito colateral comum em rela\u00e7\u00e3o a subst\u00e2ncias como o DPT.<\/li>\n<li><strong>Dilata\u00e7\u00e3o da pupila:\u00a0<\/strong>foi relatado que os participantes mostraram pupilas maiores do que o normal sob a influ\u00eancia do DPT.<\/li>\n<li><strong>Rubor da pele:<\/strong>\u00a0Vermelhid\u00e3o da pele e sensa\u00e7\u00e3o de rubor quente s\u00e3o outro efeito colateral potencial.<\/li>\n<li><strong>Desorienta\u00e7\u00e3o espacial:\u00a0<\/strong>comum entre os efeitos da fam\u00edlia das triptaminas, especialmente mais com os psicod\u00e9licos mais fortes.<\/li>\n<\/ul>\n<h2><strong>Toler\u00e2ncia DPT<\/strong><\/h2>\n<p>Diz-se que a toler\u00e2ncia ao DPT \u00e9 semelhante \u00e0 do DMT. Portanto, dentro de 2 horas o participante volta \u00e0 linha de base. Ao contr\u00e1rio de muitas outras triptaminas, o uso de DPT n\u00e3o apresenta quaisquer conflitos de toler\u00e2ncia cruzada com outros psicod\u00e9licos, portanto a sua pot\u00eancia permanecer\u00e1 a mesma.<\/p>\n<h2><strong>Legalidade:<\/strong><\/h2>\n<p><strong>Reino Unido<\/strong>\u00a0\u2013 O DPT \u00e9 considerado um medicamento de Classe A.<\/p>\n<p><strong>Alemanha -\u00a0<\/strong>O DPT \u00e9 controlado pelo NpSG.<\/p>\n<p><strong>Su\u00ed\u00e7a -\u00a0<\/strong>voc\u00ea a encontrar\u00e1 nomeada como subst\u00e2ncia controlada na Su\u00ed\u00e7a sob Verzeichnis E.<\/p>\n<p><strong>Su\u00e9cia -\u00a0<\/strong>O DPT \u00e9 uma subst\u00e2ncia controlada desde 2016 na Su\u00e9cia.<\/p>\n<p><strong>EUA -\u00a0<\/strong>O DPT n\u00e3o \u00e9 programado, por\u00e9m \u00e9 um an\u00e1logo do DET, que \u00e9 um narc\u00f3tico programado nos EUA. Portanto, um experimentador pode ter problemas com a lei sob a Lei An\u00e1loga Federal.<\/p>\n<h2><strong>Onde comprar <\/strong><strong>DPT HCl<\/strong><strong>?<\/strong><\/h2>\n<p>Aqui na Chemical Planet, oferecemos DPT de alta qualidade. Todos os nossos produtos qu\u00edmicos s\u00e3o testados por terceiros. N\u00e3o vendemos nenhum produto qu\u00edmico para consumo humano. Voc\u00ea deve ter pelo menos 18 anos de idade para comprar em <a href=\"https:\/\/rezeptfrei-apotheke.net\/pt\/\">Rchemshop<\/a><\/p>","protected":false},"excerpt":{"rendered":"<p><strong>Nome IUPAC: <\/strong>N-[2-(1H-indol-3-il)]etil-N-propilpropan-1-amina<\/p>\n<p><strong>CAS # <\/strong>61-52-9<\/p>\n<p><strong>Outro nome: <\/strong>N,N-Dipropiltriptamina<\/p>\n<p><strong>Apar\u00eancia: <\/strong>p\u00f3<\/p>\n<p><strong>Forma: <\/strong>hcl<\/p>\n<p><strong>An\u00e1lise de RMN: <\/strong>C16H24N2<\/p>","protected":false},"featured_media":9020,"comment_status":"open","ping_status":"closed","template":"","meta":[],"product_brand":[],"product_cat":[96],"product_tag":[],"class_list":{"0":"post-8997","1":"product","2":"type-product","3":"status-publish","4":"has-post-thumbnail","6":"product_cat-buy-tryptamines-online","8":"first","9":"instock","10":"shipping-taxable","11":"purchasable","12":"product-type-variable"},"jetpack_sharing_enabled":true,"_links":{"self":[{"href":"https:\/\/rezeptfrei-apotheke.net\/pt\/wp-json\/wp\/v2\/product\/8997","targetHints":{"allow":["GET"]}}],"collection":[{"href":"https:\/\/rezeptfrei-apotheke.net\/pt\/wp-json\/wp\/v2\/product"}],"about":[{"href":"https:\/\/rezeptfrei-apotheke.net\/pt\/wp-json\/wp\/v2\/types\/product"}],"replies":[{"embeddable":true,"href":"https:\/\/rezeptfrei-apotheke.net\/pt\/wp-json\/wp\/v2\/comments?post=8997"}],"wp:featuredmedia":[{"embeddable":true,"href":"https:\/\/rezeptfrei-apotheke.net\/pt\/wp-json\/wp\/v2\/media\/9020"}],"wp:attachment":[{"href":"https:\/\/rezeptfrei-apotheke.net\/pt\/wp-json\/wp\/v2\/media?parent=8997"}],"wp:term":[{"taxonomy":"product_brand","embeddable":true,"href":"https:\/\/rezeptfrei-apotheke.net\/pt\/wp-json\/wp\/v2\/product_brand?post=8997"},{"taxonomy":"product_cat","embeddable":true,"href":"https:\/\/rezeptfrei-apotheke.net\/pt\/wp-json\/wp\/v2\/product_cat?post=8997"},{"taxonomy":"product_tag","embeddable":true,"href":"https:\/\/rezeptfrei-apotheke.net\/pt\/wp-json\/wp\/v2\/product_tag?post=8997"}],"curies":[{"name":"wp","href":"https:\/\/api.w.org\/{rel}","templated":true}]}}