{"id":8998,"date":"2023-10-21T11:00:54","date_gmt":"2023-10-21T11:00:54","guid":{"rendered":"https:\/\/rezeptfrei-apotheke.net\/?post_type=product&#038;p=8998"},"modified":"2025-09-17T03:08:03","modified_gmt":"2025-09-17T03:08:03","slug":"5-meo-dipt-2","status":"publish","type":"product","link":"https:\/\/rezeptfrei-apotheke.net\/pt\/product\/5-meo-dipt-2\/","title":{"rendered":"5-MeO-DiPT"},"content":{"rendered":"<div class=\"wpb-content-wrapper\"><div class=\"vc_row wpb_row vc_row-fluid\"><div class=\"wpb_column vc_column_container vc_col-sm-12\"><div class=\"vc_column-inner\"><div class=\"wpb_wrapper\">\n\t<div class=\"wpb_text_column wpb_content_element\" >\n\t\t<div class=\"wpb_wrapper\">\n\t\t\t<h2><strong>O que \u00e9 5-MeO-DiPT?<\/strong><\/h2>\n<p>5-MeO-DiPT, tamb\u00e9m conhecido coloquialmente como Foxy e Foxy Metoxy, \u00e9 uma droga psicod\u00e9lica da classe das triptaminas. Foi sintetizado pela primeira vez em meados da d\u00e9cada de 1970 por Alexander Shulgin e um relat\u00f3rio detalhado foi inclu\u00eddo em seu livro de 1997, TiHKAL (Tryptamines I Have Known And Loved).<\/p>\n<p>Embora pesquisas limitadas tenham sido realizadas sobre a subst\u00e2ncia, relatos aned\u00f3ticos indicam que ela n\u00e3o possui as propriedades alucin\u00f3genas t\u00edpicas encontradas em outras triptaminas mais populares, como a mescalina e o LSD. Em vez disso, \u00e9 conhecido pelos seus efeitos laboratoriais altamente estimulantes e entactog\u00e9nicos.<\/p>\n<p>\u00c9 importante notar que o 5-MeO-DiPT n\u00e3o foi aprovado para consumo humano e est\u00e1 dispon\u00edvel apenas como produto qu\u00edmico de pesquisa.<\/p>\n<h2><\/h2>\n\n\t\t<\/div>\n\t<\/div>\n<\/div><\/div><\/div><\/div>\n<\/div>","protected":false},"excerpt":{"rendered":"<p><strong>Nome IUPAC: <\/strong>3-[2-(Diisopropilamino)etil]indol<\/p>\n<p><strong>CAS # <\/strong>nulo<\/p>\n<p><strong>Outro nome: <\/strong>N,N-Diisopropiltriptamina<\/p>\n<p><strong>Apar\u00eancia: <\/strong>p\u00f3<\/p>\n<p><strong>Forma: <\/strong>fumarato<\/p>\n<p><strong>An\u00e1lise de RMN: <\/strong>N \/ D<\/p>","protected":false},"featured_media":9021,"comment_status":"open","ping_status":"closed","template":"","meta":[],"product_brand":[],"product_cat":[96],"product_tag":[],"class_list":{"0":"post-8998","1":"product","2":"type-product","3":"status-publish","4":"has-post-thumbnail","6":"product_cat-buy-tryptamines-online","8":"first","9":"instock","10":"shipping-taxable","11":"purchasable","12":"product-type-variable"},"jetpack_sharing_enabled":true,"_links":{"self":[{"href":"https:\/\/rezeptfrei-apotheke.net\/pt\/wp-json\/wp\/v2\/product\/8998","targetHints":{"allow":["GET"]}}],"collection":[{"href":"https:\/\/rezeptfrei-apotheke.net\/pt\/wp-json\/wp\/v2\/product"}],"about":[{"href":"https:\/\/rezeptfrei-apotheke.net\/pt\/wp-json\/wp\/v2\/types\/product"}],"replies":[{"embeddable":true,"href":"https:\/\/rezeptfrei-apotheke.net\/pt\/wp-json\/wp\/v2\/comments?post=8998"}],"wp:featuredmedia":[{"embeddable":true,"href":"https:\/\/rezeptfrei-apotheke.net\/pt\/wp-json\/wp\/v2\/media\/9021"}],"wp:attachment":[{"href":"https:\/\/rezeptfrei-apotheke.net\/pt\/wp-json\/wp\/v2\/media?parent=8998"}],"wp:term":[{"taxonomy":"product_brand","embeddable":true,"href":"https:\/\/rezeptfrei-apotheke.net\/pt\/wp-json\/wp\/v2\/product_brand?post=8998"},{"taxonomy":"product_cat","embeddable":true,"href":"https:\/\/rezeptfrei-apotheke.net\/pt\/wp-json\/wp\/v2\/product_cat?post=8998"},{"taxonomy":"product_tag","embeddable":true,"href":"https:\/\/rezeptfrei-apotheke.net\/pt\/wp-json\/wp\/v2\/product_tag?post=8998"}],"curies":[{"name":"wp","href":"https:\/\/api.w.org\/{rel}","templated":true}]}}