{"id":9007,"date":"2023-10-21T11:00:55","date_gmt":"2023-10-21T11:00:55","guid":{"rendered":"https:\/\/rezeptfrei-apotheke.net\/?post_type=product&#038;p=9007"},"modified":"2026-02-15T15:21:11","modified_gmt":"2026-02-15T15:21:11","slug":"buy-4-aco-mipt-online","status":"publish","type":"product","link":"https:\/\/rezeptfrei-apotheke.net\/pt\/product\/buy-4-aco-mipt-online\/","title":{"rendered":"4-ACO-MIPT"},"content":{"rendered":"<div class=\"wpb-content-wrapper\"><div class=\"vc_row wpb_row vc_row-fluid\"><div class=\"wpb_column vc_column_container vc_col-sm-12\"><div class=\"vc_column-inner\"><div class=\"wpb_wrapper\">\n\t<div class=\"wpb_text_column wpb_content_element\" >\n\t\t<div class=\"wpb_wrapper\">\n\t\t\t<h2>Buy 4-ACO-MIPT Online<\/h2>\n<p>4-AcO-MiPT, ou 4-Acetoxy-MiPT, tamb\u00e9m conhecido como mipracetina, \u00e9 uma triptamina psicod\u00e9lica. Na RealChems voc\u00ea pode comprar 4-AcO-MiPT na forma de p\u00f3 da mais alta qualidade, dispon\u00edvel nas quantidades de 0,25 gramas, 0,5 gramas, 1 grama e 2 gramas.<\/p>\n<p>Como o composto \u00e9 relativamente novo e pouco estudado, n\u00e3o h\u00e1 muitos dados farmacol\u00f3gicos dispon\u00edveis. No entanto, a maioria dos compostos 4-AcO e as triptaminas em geral s\u00e3o frequentemente seguros, a menos que sejam usados em excesso ou produzam efeitos colaterais \u00f3bvios, como uma carga corporal pesada.<\/p>\n<h2><strong>COMO USAR O P\u00d3 4-ACO-MIPT\u00a0<\/strong><\/h2>\n<p>A Realchems tem 4-AcO-MiPT para venda na forma de p\u00f3 da mais alta qualidade. Voc\u00ea pode comprar 4-AcO-MiPT Powder em quantidades de 0,25 gramas, 0,5 gramas, 1 grama ou 2 gramas. Certifique-se de armazenar o 4-AcO-MiPT em local seco e fresco para m\u00e1xima vida \u00fatil. Ao manusear produtos qu\u00edmicos de pesquisa, certifique-se de sempre tomar as devidas precau\u00e7\u00f5es no laborat\u00f3rio, como limpar superf\u00edcies e usar luvas, m\u00e1scara e roupas de prote\u00e7\u00e3o.<\/p>\n<p>Para a maioria, o 4-AcO-MiPT em p\u00f3 \u00e9 a melhor maneira de fazer experi\u00eancias com esta subst\u00e2ncia. O p\u00f3 pode ser usado experimentalmente sozinho, mas tamb\u00e9m pode ser dilu\u00eddo em l\u00edquido e misturado com um conta-gotas. Geralmente, voc\u00ea consegue um neg\u00f3cio melhor ao comprar o p\u00f3 4-AcO-MiPT do que compraria outras formas, porque n\u00e3o est\u00e1 pagando pelo custo de prepara\u00e7\u00e3o do produto.<\/p>\n<h2><strong>DEFINI\u00c7\u00c3O 4-ACO-MIPT<\/strong><\/h2>\n<p>A defini\u00e7\u00e3o da droga 4-AcO-MiPT \u00e9 oficialmente conhecida como 4-Acetoxy-MiPT, tamb\u00e9m conhecida como mipracetina, \u00e9 um composto psicod\u00e9lico mais comumente comparado \u00e0 psilocina, ou 4-AcO MiPT.<\/p>\n<h2><strong>INFORMA\u00c7\u00d5ES B\u00c1SICAS DE QU\u00cdMICA 4-ACO-MIPT<\/strong><\/h2>\n<p>Devido \u00e0s semelhan\u00e7as compartilhadas entre 4-AcO-MiPT e 4-HO-MiPT, os pesquisadores especularam se o 4-Acetoxy-MiPT n\u00e3o \u00e9 facilmente transformado em 4-HO-MiPT. Isto \u00e9 semelhante \u00e0 convers\u00e3o da psilocibina, que \u00e9 facilmente convertida em psilocina.<\/p>\n<p>Por causa disso, os efeitos do 4-AcO-MiPT e do 4-HO-MiPT s\u00e3o extremamente semelhantes, embora se possa esperar que a quantidade necess\u00e1ria de 4-AcO-MiPT necess\u00e1ria para a pesquisa seja um pouco maior. Se a subst\u00e2ncia for, de fato, facilmente convertida em 4-HO-MiPT, ent\u00e3o parte provavelmente seria perdida no processo de convers\u00e3o e, portanto, seria necess\u00e1ria uma dose mais elevada.<\/p>\n<h2><strong>ONDE COMPRAR 4-ACO-MIPT<\/strong><\/h2>\n<p>4-AcO-MiPT pode ser adquirido aqui no <a href=\"https:\/\/rezeptfrei-apotheke.net\/pt\/\">Rchemshop<\/a> Vendemos 4-AcO-MiPT de qualidade premium, normalmente em p\u00f3. No entanto, muitas vezes temos outras formas de subst\u00e2ncia dispon\u00edveis, por isso n\u00e3o hesite em contactar-nos para saber se temos a sua forma de subst\u00e2ncia preferida em stock. Voc\u00ea deve ter pelo menos 18 anos para comprar 4-AcO-MiPT conosco.<\/p>\n\n\t\t<\/div>\n\t<\/div>\n<\/div><\/div><\/div><\/div>\n<\/div>","protected":false},"excerpt":{"rendered":"<p><strong>Nome IUPAC: <\/strong>[3-[2-[Isopropil(metil)amino]etil]-1H-indol-4-il] acetato<\/p>\n<p><strong>Outro nome: <\/strong>4-Acetoxi-N-isopropil-N-metiltriptamina<\/p>\n<p><strong>Apar\u00eancia: <\/strong>p\u00f3<\/p>\n<p><strong>Forma: <\/strong>fumarato<\/p>\n<p><strong>An\u00e1lise de RMN: <\/strong>N \/ D<\/p>","protected":false},"featured_media":9027,"comment_status":"open","ping_status":"closed","template":"","meta":[],"product_brand":[],"product_cat":[96],"product_tag":[],"class_list":{"0":"post-9007","1":"product","2":"type-product","3":"status-publish","4":"has-post-thumbnail","6":"product_cat-buy-tryptamines-online","8":"first","9":"instock","10":"shipping-taxable","11":"purchasable","12":"product-type-variable"},"jetpack_sharing_enabled":true,"_links":{"self":[{"href":"https:\/\/rezeptfrei-apotheke.net\/pt\/wp-json\/wp\/v2\/product\/9007","targetHints":{"allow":["GET"]}}],"collection":[{"href":"https:\/\/rezeptfrei-apotheke.net\/pt\/wp-json\/wp\/v2\/product"}],"about":[{"href":"https:\/\/rezeptfrei-apotheke.net\/pt\/wp-json\/wp\/v2\/types\/product"}],"replies":[{"embeddable":true,"href":"https:\/\/rezeptfrei-apotheke.net\/pt\/wp-json\/wp\/v2\/comments?post=9007"}],"wp:featuredmedia":[{"embeddable":true,"href":"https:\/\/rezeptfrei-apotheke.net\/pt\/wp-json\/wp\/v2\/media\/9027"}],"wp:attachment":[{"href":"https:\/\/rezeptfrei-apotheke.net\/pt\/wp-json\/wp\/v2\/media?parent=9007"}],"wp:term":[{"taxonomy":"product_brand","embeddable":true,"href":"https:\/\/rezeptfrei-apotheke.net\/pt\/wp-json\/wp\/v2\/product_brand?post=9007"},{"taxonomy":"product_cat","embeddable":true,"href":"https:\/\/rezeptfrei-apotheke.net\/pt\/wp-json\/wp\/v2\/product_cat?post=9007"},{"taxonomy":"product_tag","embeddable":true,"href":"https:\/\/rezeptfrei-apotheke.net\/pt\/wp-json\/wp\/v2\/product_tag?post=9007"}],"curies":[{"name":"wp","href":"https:\/\/api.w.org\/{rel}","templated":true}]}}