{"id":9009,"date":"2023-10-21T11:00:55","date_gmt":"2023-10-21T11:00:55","guid":{"rendered":"https:\/\/rezeptfrei-apotheke.net\/?post_type=product&#038;p=9009"},"modified":"2025-11-26T22:10:12","modified_gmt":"2025-11-26T22:10:12","slug":"buy-3-fma-online","status":"publish","type":"product","link":"https:\/\/rezeptfrei-apotheke.net\/pt\/product\/buy-3-fma-online\/","title":{"rendered":"3-FMA"},"content":{"rendered":"<div class=\"wpb-content-wrapper\"><div class=\"vc_row wpb_row vc_row-fluid\"><div class=\"wpb_column vc_column_container vc_col-sm-12\"><div class=\"vc_column-inner\"><div class=\"wpb_wrapper\">\n\t<div class=\"wpb_text_column wpb_content_element\" >\n\t\t<div class=\"wpb_wrapper\">\n\t\t\t<h2>Buy 3-FMA Online<\/h2>\n<p>3-FMA \u00e9 um novo composto de anfetamina sint\u00e9tica que produz resultados de pesquisa entactog\u00eanicos e estimulantes. Ap\u00f3s a introdu\u00e7\u00e3o do 3-FEA, o 3-FMA entrou posteriormente no mercado de produtos qu\u00edmicos de pesquisa como um composto estruturalmente relacionado a uma s\u00e9rie de anfetaminas substitu\u00eddas fluoradas, incluindo originalmente compostos como; 2-FMA, 3-FA, 4-FMA, 4-FA.<\/p>\n<h2><strong>COMO USAR O P\u00d3 3-FMA?<\/strong><\/h2>\n<p>Compre online o produto qu\u00edmico de pesquisa 3-FMA na forma de p\u00f3 da mais alta qualidade. Compre 3-FMA nas quantidades 0,5gr, 1gr, 2gr, 5gr ou 10g. Certifique-se de armazenar o p\u00f3 3-FMA em local seco e fresco para m\u00e1xima vida \u00fatil. Armazene em local seco e fresco para m\u00e1xima durabilidade. Ao manusear produtos qu\u00edmicos de pesquisa, certifique-se de sempre tomar as devidas precau\u00e7\u00f5es no laborat\u00f3rio, como limpar superf\u00edcies e usar luvas, m\u00e1scara e roupas de prote\u00e7\u00e3o.<\/p>\n<h2><strong>DEFINI\u00c7\u00c3O 3-FMA<\/strong><\/h2>\n<p>A defini\u00e7\u00e3o de 3-FMA \u00e9 oficialmente conhecida como 3-Fluorometanfetamina \u00e9 um composto sint\u00e9tico de anfetamina. O 3-FMA est\u00e1 estruturalmente relacionado a uma s\u00e9rie de anfetaminas que originalmente inclu\u00eda compostos como 2-FMA, 3-FA, 4-FMA, 4-FA.<\/p>\n<h2><strong>INFORMA\u00c7\u00d5ES B\u00c1SICAS DE QU\u00cdMICA 3-FEA<\/strong><\/h2>\n<p>3-Fluorometanfetamina \u00e9 uma mol\u00e9cula da classe das anfetaminas. As mol\u00e9culas da classe das anfetaminas cont\u00eam um grupo metil ligado \u00e0 amina terminal RN do n\u00facleo da anfetamina, uma substitui\u00e7\u00e3o que compartilha com a metanfetamina. 3-FMA \u00e9 a metanfetamina an\u00e1loga fluorada de 3 posi\u00e7\u00f5es. Atualmente, especula-se que haja mais resultados de pesquisas com estimulantes entactog\u00eanicos. Al\u00e9m disso, o 3-FMA \u00e9 estruturalmente semelhante ao 2-FMA e ao 4-FMA. O 3-FMA n\u00e3o foi estudado no mesmo n\u00edvel que as anfetaminas tradicionais, portanto, \u00e9 altamente recomend\u00e1vel usar medidas de seguran\u00e7a para redu\u00e7\u00e3o de danos ao usar esta subst\u00e2ncia.<\/p>\n<h2><strong>ONDE COMPRAR 3-FMA<\/strong><\/h2>\n<p>3-FMA pode ser adquirido aqui no site <a href=\"https:\/\/rezeptfrei-apotheke.net\/pt\/\">Rchemshop<\/a> local na rede Internet. Vendemos 3-FMA de qualidade premium, normalmente em p\u00f3. No entanto, muitas vezes temos outras formas de subst\u00e2ncia dispon\u00edveis, por isso n\u00e3o hesite em contactar-nos para saber se temos a sua forma de subst\u00e2ncia preferida em stock. Voc\u00ea deve ter pelo menos 18 anos para comprar 3-FMA conosco.<\/p>\n\n\t\t<\/div>\n\t<\/div>\n<\/div><\/div><\/div><\/div>\n<\/div>","protected":false},"excerpt":{"rendered":"<p><strong>Nome IUPAC: <\/strong>1-(3-Fluorofenil)-N-metilpropan-2-amina<\/p>\n<p><strong>CAS # <\/strong>13415-59-3<\/p>\n<p><strong>Forma: <\/strong>p\u00f3<\/p>","protected":false},"featured_media":9029,"comment_status":"open","ping_status":"closed","template":"","meta":[],"product_brand":[],"product_cat":[93],"product_tag":[],"class_list":{"0":"post-9009","1":"product","2":"type-product","3":"status-publish","4":"has-post-thumbnail","6":"product_cat-order-pills-online","8":"first","9":"instock","10":"shipping-taxable","11":"purchasable","12":"product-type-variable"},"jetpack_sharing_enabled":true,"_links":{"self":[{"href":"https:\/\/rezeptfrei-apotheke.net\/pt\/wp-json\/wp\/v2\/product\/9009","targetHints":{"allow":["GET"]}}],"collection":[{"href":"https:\/\/rezeptfrei-apotheke.net\/pt\/wp-json\/wp\/v2\/product"}],"about":[{"href":"https:\/\/rezeptfrei-apotheke.net\/pt\/wp-json\/wp\/v2\/types\/product"}],"replies":[{"embeddable":true,"href":"https:\/\/rezeptfrei-apotheke.net\/pt\/wp-json\/wp\/v2\/comments?post=9009"}],"wp:featuredmedia":[{"embeddable":true,"href":"https:\/\/rezeptfrei-apotheke.net\/pt\/wp-json\/wp\/v2\/media\/9029"}],"wp:attachment":[{"href":"https:\/\/rezeptfrei-apotheke.net\/pt\/wp-json\/wp\/v2\/media?parent=9009"}],"wp:term":[{"taxonomy":"product_brand","embeddable":true,"href":"https:\/\/rezeptfrei-apotheke.net\/pt\/wp-json\/wp\/v2\/product_brand?post=9009"},{"taxonomy":"product_cat","embeddable":true,"href":"https:\/\/rezeptfrei-apotheke.net\/pt\/wp-json\/wp\/v2\/product_cat?post=9009"},{"taxonomy":"product_tag","embeddable":true,"href":"https:\/\/rezeptfrei-apotheke.net\/pt\/wp-json\/wp\/v2\/product_tag?post=9009"}],"curies":[{"name":"wp","href":"https:\/\/api.w.org\/{rel}","templated":true}]}}